{"id":26,"date":"2023-05-11T14:02:01","date_gmt":"2023-05-11T14:02:01","guid":{"rendered":"https:\/\/arhiva.danceweekfestival.com\/stari\/home\/"},"modified":"2024-10-29T07:25:11","modified_gmt":"2024-10-29T07:25:11","slug":"pocetna","status":"publish","type":"page","link":"https:\/\/arhiva.danceweekfestival.com\/stari\/","title":{"rendered":"Po\u010detna"},"content":{"rendered":"\t\t<div data-elementor-type=\"wp-page\" data-elementor-id=\"26\" class=\"elementor elementor-26\">\n\t\t\t\t\t\t<section class=\"elementor-section elementor-top-section elementor-element elementor-element-5eac01b elementor-section-boxed elementor-section-height-default elementor-section-height-default\" data-id=\"5eac01b\" data-element_type=\"section\">\n\t\t\t\t\t\t<div class=\"elementor-container elementor-column-gap-default\">\n\t\t\t\t\t<div class=\"elementor-column elementor-col-100 elementor-top-column elementor-element elementor-element-c48deb0\" data-id=\"c48deb0\" data-element_type=\"column\">\n\t\t\t<div class=\"elementor-widget-wrap elementor-element-populated\">\n\t\t\t\t\t\t<div class=\"elementor-element elementor-element-395cb82 elementor-invisible elementor-widget elementor-widget-heading\" data-id=\"395cb82\" data-element_type=\"widget\" data-settings=\"{&quot;_animation&quot;:&quot;fadeIn&quot;}\" data-widget_type=\"heading.default\">\n\t\t\t\t<div class=\"elementor-widget-container\">\n\t\t\t<style>\/*! elementor - v3.21.0 - 26-05-2024 *\/\n.elementor-heading-title{padding:0;margin:0;line-height:1}.elementor-widget-heading .elementor-heading-title[class*=elementor-size-]>a{color:inherit;font-size:inherit;line-height:inherit}.elementor-widget-heading .elementor-heading-title.elementor-size-small{font-size:15px}.elementor-widget-heading .elementor-heading-title.elementor-size-medium{font-size:19px}.elementor-widget-heading .elementor-heading-title.elementor-size-large{font-size:29px}.elementor-widget-heading .elementor-heading-title.elementor-size-xl{font-size:39px}.elementor-widget-heading .elementor-heading-title.elementor-size-xxl{font-size:59px}<\/style><h2 class=\"elementor-heading-title elementor-size-default\">41. Tjedan suvremenog plesa<br> Vol. I: 07.-14.06.2024.<br>  Vol. II: 23.10.-05.11.2024.<\/h2>\t\t<\/div>\n\t\t\t\t<\/div>\n\t\t\t\t\t<\/div>\n\t\t<\/div>\n\t\t\t\t\t<\/div>\n\t\t<\/section>\n\t\t\t\t<section class=\"elementor-section elementor-top-section elementor-element elementor-element-a7868be elementor-section-boxed elementor-section-height-default elementor-section-height-default\" data-id=\"a7868be\" data-element_type=\"section\">\n\t\t\t\t\t\t<div class=\"elementor-container elementor-column-gap-default\">\n\t\t\t\t\t<div class=\"elementor-column elementor-col-100 elementor-top-column elementor-element elementor-element-b0aa6b2\" data-id=\"b0aa6b2\" data-element_type=\"column\">\n\t\t\t<div class=\"elementor-widget-wrap elementor-element-populated\">\n\t\t\t\t\t\t<div class=\"elementor-element elementor-element-ffb2560 elementor-widget elementor-widget-text-editor\" data-id=\"ffb2560\" data-element_type=\"widget\" data-widget_type=\"text-editor.default\">\n\t\t\t\t<div class=\"elementor-widget-container\">\n\t\t\t<style>\/*! elementor - v3.21.0 - 26-05-2024 *\/\n.elementor-widget-text-editor.elementor-drop-cap-view-stacked .elementor-drop-cap{background-color:#69727d;color:#fff}.elementor-widget-text-editor.elementor-drop-cap-view-framed .elementor-drop-cap{color:#69727d;border:3px solid;background-color:transparent}.elementor-widget-text-editor:not(.elementor-drop-cap-view-default) .elementor-drop-cap{margin-top:8px}.elementor-widget-text-editor:not(.elementor-drop-cap-view-default) .elementor-drop-cap-letter{width:1em;height:1em}.elementor-widget-text-editor .elementor-drop-cap{float:left;text-align:center;line-height:1;font-size:50px}.elementor-widget-text-editor .elementor-drop-cap-letter{display:inline-block}<\/style>\t\t\t\t<p>Program:<\/p><p><a href=\"https:\/\/arhiva.danceweekfestival.com\/stari\/41-tjedan-suvremenog-plesa\/\">https:\/\/arhiva.danceweekfestival.com\/stari\/41-tjedan-suvremenog-plesa\/<\/a><\/p>\t\t\t\t\t\t<\/div>\n\t\t\t\t<\/div>\n\t\t\t\t\t<\/div>\n\t\t<\/div>\n\t\t\t\t\t<\/div>\n\t\t<\/section>\n\t\t\t\t<section class=\"elementor-section elementor-top-section elementor-element elementor-element-d6531ac elementor-section-boxed elementor-section-height-default elementor-section-height-default\" data-id=\"d6531ac\" data-element_type=\"section\">\n\t\t\t\t\t\t<div class=\"elementor-container elementor-column-gap-default\">\n\t\t\t\t\t<div class=\"elementor-column elementor-col-100 elementor-top-column elementor-element elementor-element-6d8a1af\" data-id=\"6d8a1af\" data-element_type=\"column\">\n\t\t\t<div class=\"elementor-widget-wrap elementor-element-populated\">\n\t\t\t\t\t\t<section class=\"elementor-section elementor-inner-section elementor-element elementor-element-f0727e8 elementor-section-boxed elementor-section-height-default elementor-section-height-default\" data-id=\"f0727e8\" data-element_type=\"section\">\n\t\t\t\t\t\t<div class=\"elementor-container elementor-column-gap-default\">\n\t\t\t\t\t<div class=\"elementor-column elementor-col-16 elementor-inner-column elementor-element elementor-element-1225367\" data-id=\"1225367\" data-element_type=\"column\">\n\t\t\t<div class=\"elementor-widget-wrap\">\n\t\t\t\t\t\t\t<\/div>\n\t\t<\/div>\n\t\t\t\t<div class=\"elementor-column elementor-col-66 elementor-inner-column elementor-element elementor-element-bc05636\" data-id=\"bc05636\" data-element_type=\"column\">\n\t\t\t<div class=\"elementor-widget-wrap elementor-element-populated\">\n\t\t\t\t\t\t<div class=\"elementor-element elementor-element-52bd8ad elementor-widget__width-initial elementor-widget elementor-widget-text-editor\" data-id=\"52bd8ad\" data-element_type=\"widget\" data-widget_type=\"text-editor.default\">\n\t\t\t\t<div class=\"elementor-widget-container\">\n\t\t\t\t\t\t\t<p><strong>Najavljujemo<\/strong><b> drugo poglavlje 41. Tjedna suvremenog plesa. Veselimo se ponovnom dru\u017eenju uz ples!<\/b><\/p><p><strong>Ulaznice\u00a0 u prodaji:\u00a0 www.entrio.hr\u00a0<\/strong><\/p><p>Zahvaljujemo se svim ovogodi\u0161njim partnerima festivala: Festival Inkluzivne scene, Rijeka; Festival Perforacije &#8211; Udruga Domino; Zagreba\u010dki plesni centar.\u00a0<\/p><p>Financijsku potporu realizaciji \u00a0programa 41. Tjedna suvremenog plesa pru\u017eaju: Ministarstvo kulture RH; Grad Zagreb &#8211; Ured za kulturu i civilno dru\u0161tvo; Grad Rijeka; \u00a0Nationales performance netz i Die Beauftragte der Bundesregierung fur Kultur und Medien (D);\u00a0 Veleposlanstvo Kraljevine Nizozemske u Hrvatskoj; Talijanski institut za kulturu, Zagreb.<\/p><p>23.10. PODNE \/ KIC:\u00a0 ODOR OF ELEPHANTS, autor Omar Rajeh (FR\/LY); film i razgovor sa autorom;\u00a0 ulaz slobodan.\u00a0<\/p><p>29.10. 20h MSU: AFTER, AFTER , koreograf Arno Shuitemaker (NL)<\/p><p>02.11. 19.30h DK Gavella: LOVE WILL TEAR US APART: De Facto\/ Petra Hra\u0161\u010danec, Sa\u0161a Bo\u017ei\u0107. 100 &#8211; a izvedba!!!! Razgovor sa umjetnicima i producentima.\u00a0<\/p><p>05. 11. 20.00h Zagreba\u010dki plesni centar: ARA! ARA! koreografi: Ginevra Panzetti\/Enrico Ticconi (I)\u00a0<\/p><p><em>Stranica u radu! Nove informacije uskoro slijede!\u00a0<\/em><\/p>\t\t\t\t\t\t<\/div>\n\t\t\t\t<\/div>\n\t\t\t\t<div class=\"elementor-element elementor-element-7efe7f3 elementor-widget elementor-widget-text-editor\" data-id=\"7efe7f3\" data-element_type=\"widget\" data-widget_type=\"text-editor.default\">\n\t\t\t\t<div class=\"elementor-widget-container\">\n\t\t\t\t\t\t\t<p>Lorem ipsum dolor sit amet, consectetur adipiscing elit. Ut elit tellus, luctus nec ullamcorper mattis, pulvinar dapibus leo.<\/p>\t\t\t\t\t\t<\/div>\n\t\t\t\t<\/div>\n\t\t\t\t\t<\/div>\n\t\t<\/div>\n\t\t\t\t<div class=\"elementor-column elementor-col-16 elementor-inner-column elementor-element elementor-element-2f382e6\" data-id=\"2f382e6\" data-element_type=\"column\">\n\t\t\t<div class=\"elementor-widget-wrap\">\n\t\t\t\t\t\t\t<\/div>\n\t\t<\/div>\n\t\t\t\t\t<\/div>\n\t\t<\/section>\n\t\t\t\t\t<\/div>\n\t\t<\/div>\n\t\t\t\t\t<\/div>\n\t\t<\/section>\n\t\t\t\t<section class=\"elementor-section elementor-top-section elementor-element elementor-element-54e576b elementor-section-boxed elementor-section-height-default elementor-section-height-default\" data-id=\"54e576b\" data-element_type=\"section\">\n\t\t\t\t\t\t<div class=\"elementor-container elementor-column-gap-default\">\n\t\t\t\t\t<div class=\"elementor-column elementor-col-100 elementor-top-column elementor-element elementor-element-ed78fe5\" data-id=\"ed78fe5\" data-element_type=\"column\">\n\t\t\t<div class=\"elementor-widget-wrap\">\n\t\t\t\t\t\t\t<\/div>\n\t\t<\/div>\n\t\t\t\t\t<\/div>\n\t\t<\/section>\n\t\t\t\t<section class=\"elementor-section elementor-top-section elementor-element elementor-element-018bac6 elementor-section-boxed elementor-section-height-default elementor-section-height-default\" data-id=\"018bac6\" data-element_type=\"section\">\n\t\t\t\t\t\t<div class=\"elementor-container elementor-column-gap-default\">\n\t\t\t\t\t<div class=\"elementor-column elementor-col-100 elementor-top-column elementor-element elementor-element-a438689\" data-id=\"a438689\" data-element_type=\"column\">\n\t\t\t<div class=\"elementor-widget-wrap elementor-element-populated\">\n\t\t\t\t\t\t<div class=\"elementor-element elementor-element-6aba725 elementor-widget elementor-widget-image\" data-id=\"6aba725\" data-element_type=\"widget\" data-widget_type=\"image.default\">\n\t\t\t\t<div class=\"elementor-widget-container\">\n\t\t\t<style>\/*! elementor - v3.21.0 - 26-05-2024 *\/\n.elementor-widget-image{text-align:center}.elementor-widget-image a{display:inline-block}.elementor-widget-image a img[src$=\".svg\"]{width:48px}.elementor-widget-image img{vertical-align:middle;display:inline-block}<\/style>\t\t\t\t\t\t\t<figure class=\"wp-caption\">\n\t\t\t\t\t\t\t\t\t\t<img decoding=\"async\" src=\"https:\/\/arhiva.danceweekfestival.com\/stari\/wp-content\/uploads\/2024\/10\/logici-za-web-.jpg.pdf\" title=\"\" alt=\"\" loading=\"lazy\" \/>\t\t\t\t\t\t\t\t\t\t\t<figcaption class=\"widget-image-caption wp-caption-text\"><\/figcaption>\n\t\t\t\t\t\t\t\t\t\t<\/figure>\n\t\t\t\t\t\t\t<\/div>\n\t\t\t\t<\/div>\n\t\t\t\t<div class=\"elementor-element elementor-element-fd5522d elementor-widget elementor-widget-image\" data-id=\"fd5522d\" data-element_type=\"widget\" data-widget_type=\"image.default\">\n\t\t\t\t<div class=\"elementor-widget-container\">\n\t\t\t\t\t\t\t\t\t\t\t\t\t<img fetchpriority=\"high\" decoding=\"async\" width=\"1024\" height=\"789\" src=\"https:\/\/arhiva.danceweekfestival.com\/stari\/wp-content\/uploads\/2024\/10\/Photos-Library-1024x789.jpg\" class=\"attachment-large size-large wp-image-3275\" alt=\"\" srcset=\"https:\/\/arhiva.danceweekfestival.com\/stari\/wp-content\/uploads\/2024\/10\/Photos-Library-1024x789.jpg 1024w, https:\/\/arhiva.danceweekfestival.com\/stari\/wp-content\/uploads\/2024\/10\/Photos-Library-300x231.jpg 300w, https:\/\/arhiva.danceweekfestival.com\/stari\/wp-content\/uploads\/2024\/10\/Photos-Library-768x592.jpg 768w, https:\/\/arhiva.danceweekfestival.com\/stari\/wp-content\/uploads\/2024\/10\/Photos-Library-1536x1183.jpg 1536w, https:\/\/arhiva.danceweekfestival.com\/stari\/wp-content\/uploads\/2024\/10\/Photos-Library-2048x1578.jpg 2048w\" sizes=\"(max-width: 1024px) 100vw, 1024px\" \/>\t\t\t\t\t\t\t\t\t\t\t\t\t<\/div>\n\t\t\t\t<\/div>\n\t\t\t\t\t<\/div>\n\t\t<\/div>\n\t\t\t\t\t<\/div>\n\t\t<\/section>\n\t\t\t\t<section class=\"elementor-section elementor-top-section elementor-element elementor-element-e8b8df8 elementor-section-boxed elementor-section-height-default elementor-section-height-default\" data-id=\"e8b8df8\" data-element_type=\"section\">\n\t\t\t\t\t\t<div class=\"elementor-container elementor-column-gap-default\">\n\t\t\t\t\t<div class=\"elementor-column elementor-col-100 elementor-top-column elementor-element elementor-element-633a2ca\" data-id=\"633a2ca\" data-element_type=\"column\">\n\t\t\t<div class=\"elementor-widget-wrap elementor-element-populated\">\n\t\t\t\t\t\t\t<\/div>\n\t\t<\/div>\n\t\t\t\t\t<\/div>\n\t\t<\/section>\n\t\t\t\t<section class=\"elementor-section elementor-top-section elementor-element elementor-element-cc5a48c elementor-section-boxed elementor-section-height-default elementor-section-height-default\" data-id=\"cc5a48c\" data-element_type=\"section\">\n\t\t\t\t\t\t<div class=\"elementor-container elementor-column-gap-default\">\n\t\t\t\t\t<div class=\"elementor-column elementor-col-100 elementor-top-column elementor-element elementor-element-2893c7a\" data-id=\"2893c7a\" data-element_type=\"column\">\n\t\t\t<div class=\"elementor-widget-wrap elementor-element-populated\">\n\t\t\t\t\t\t<div class=\"elementor-element elementor-element-e6579d9 elementor-widget elementor-widget-heading\" data-id=\"e6579d9\" data-element_type=\"widget\" data-widget_type=\"heading.default\">\n\t\t\t\t<div class=\"elementor-widget-container\">\n\t\t\t<h2 class=\"elementor-heading-title elementor-size-default\"> <\/h2>\t\t<\/div>\n\t\t\t\t<\/div>\n\t\t\t\t\t<\/div>\n\t\t<\/div>\n\t\t\t\t\t<\/div>\n\t\t<\/section>\n\t\t\t\t<section class=\"elementor-section elementor-top-section elementor-element elementor-element-a671288 elementor-section-boxed elementor-section-height-default elementor-section-height-default\" data-id=\"a671288\" data-element_type=\"section\">\n\t\t\t\t\t\t<div class=\"elementor-container elementor-column-gap-default\">\n\t\t\t\t\t<div class=\"elementor-column elementor-col-100 elementor-top-column elementor-element elementor-element-2eb27ae\" data-id=\"2eb27ae\" data-element_type=\"column\">\n\t\t\t<div class=\"elementor-widget-wrap elementor-element-populated\">\n\t\t\t\t\t\t\t<\/div>\n\t\t<\/div>\n\t\t\t\t\t<\/div>\n\t\t<\/section>\n\t\t\t\t<\/div>\n\t\t","protected":false},"excerpt":{"rendered":"<p>41. Tjedan suvremenog plesa Vol. I: 07.-14.06.2024. Vol. II: 23.10.-05.11.2024. Program: https:\/\/arhiva.danceweekfestival.com\/stari\/41-tjedan-suvremenog-plesa\/ Najavljujemo drugo poglavlje 41. Tjedna suvremenog plesa. Veselimo se ponovnom dru\u017eenju uz ples! Ulaznice\u00a0 u prodaji:\u00a0 www.entrio.hr\u00a0 Zahvaljujemo se svim ovogodi\u0161njim partnerima festivala: Festival Inkluzivne scene, Rijeka; Festival Perforacije &#8211; Udruga Domino; Zagreba\u010dki plesni centar.\u00a0 Financijsku potporu realizaciji \u00a0programa 41. Tjedna suvremenog plesa [&hellip;]<\/p>\n","protected":false},"author":1,"featured_media":0,"parent":0,"menu_order":0,"comment_status":"closed","ping_status":"closed","template":"elementor_header_footer","meta":{"ocean_post_layout":"","ocean_both_sidebars_style":"","ocean_both_sidebars_content_width":0,"ocean_both_sidebars_sidebars_width":0,"ocean_sidebar":"0","ocean_second_sidebar":"0","ocean_disable_margins":"enable","ocean_add_body_class":"","ocean_shortcode_before_top_bar":"","ocean_shortcode_after_top_bar":"","ocean_shortcode_before_header":"","ocean_shortcode_after_header":"","ocean_has_shortcode":"","ocean_shortcode_after_title":"","ocean_shortcode_before_footer_widgets":"","ocean_shortcode_after_footer_widgets":"","ocean_shortcode_before_footer_bottom":"","ocean_shortcode_after_footer_bottom":"","ocean_display_top_bar":"off","ocean_display_header":"default","ocean_header_style":"minimal","ocean_center_header_left_menu":"0","ocean_custom_header_template":"0","ocean_custom_logo":0,"ocean_custom_retina_logo":0,"ocean_custom_logo_max_width":0,"ocean_custom_logo_tablet_max_width":0,"ocean_custom_logo_mobile_max_width":0,"ocean_custom_logo_max_height":0,"ocean_custom_logo_tablet_max_height":0,"ocean_custom_logo_mobile_max_height":0,"ocean_header_custom_menu":"0","ocean_menu_typo_font_family":"0","ocean_menu_typo_font_subset":"","ocean_menu_typo_font_size":0,"ocean_menu_typo_font_size_tablet":0,"ocean_menu_typo_font_size_mobile":0,"ocean_menu_typo_font_size_unit":"px","ocean_menu_typo_font_weight":"","ocean_menu_typo_font_weight_tablet":"","ocean_menu_typo_font_weight_mobile":"","ocean_menu_typo_transform":"","ocean_menu_typo_transform_tablet":"","ocean_menu_typo_transform_mobile":"","ocean_menu_typo_line_height":0,"ocean_menu_typo_line_height_tablet":0,"ocean_menu_typo_line_height_mobile":0,"ocean_menu_typo_line_height_unit":"","ocean_menu_typo_spacing":0,"ocean_menu_typo_spacing_tablet":0,"ocean_menu_typo_spacing_mobile":0,"ocean_menu_typo_spacing_unit":"","ocean_menu_link_color":"","ocean_menu_link_color_hover":"","ocean_menu_link_color_active":"","ocean_menu_link_background":"","ocean_menu_link_hover_background":"","ocean_menu_link_active_background":"","ocean_menu_social_links_bg":"","ocean_menu_social_hover_links_bg":"","ocean_menu_social_links_color":"","ocean_menu_social_hover_links_color":"","ocean_disable_title":"on","ocean_disable_heading":"default","ocean_post_title":"","ocean_post_subheading":"","ocean_post_title_style":"","ocean_post_title_background_color":"","ocean_post_title_background":0,"ocean_post_title_bg_image_position":"","ocean_post_title_bg_image_attachment":"","ocean_post_title_bg_image_repeat":"","ocean_post_title_bg_image_size":"","ocean_post_title_height":0,"ocean_post_title_bg_overlay":0.5,"ocean_post_title_bg_overlay_color":"","ocean_disable_breadcrumbs":"default","ocean_breadcrumbs_color":"","ocean_breadcrumbs_separator_color":"","ocean_breadcrumbs_links_color":"","ocean_breadcrumbs_links_hover_color":"","ocean_display_footer_widgets":"default","ocean_display_footer_bottom":"default","ocean_custom_footer_template":"0","footnotes":""},"class_list":["post-26","page","type-page","status-publish","hentry","entry"],"_links":{"self":[{"href":"https:\/\/arhiva.danceweekfestival.com\/stari\/wp-json\/wp\/v2\/pages\/26","targetHints":{"allow":["GET"]}}],"collection":[{"href":"https:\/\/arhiva.danceweekfestival.com\/stari\/wp-json\/wp\/v2\/pages"}],"about":[{"href":"https:\/\/arhiva.danceweekfestival.com\/stari\/wp-json\/wp\/v2\/types\/page"}],"author":[{"embeddable":true,"href":"https:\/\/arhiva.danceweekfestival.com\/stari\/wp-json\/wp\/v2\/users\/1"}],"replies":[{"embeddable":true,"href":"https:\/\/arhiva.danceweekfestival.com\/stari\/wp-json\/wp\/v2\/comments?post=26"}],"version-history":[{"count":363,"href":"https:\/\/arhiva.danceweekfestival.com\/stari\/wp-json\/wp\/v2\/pages\/26\/revisions"}],"predecessor-version":[{"id":3284,"href":"https:\/\/arhiva.danceweekfestival.com\/stari\/wp-json\/wp\/v2\/pages\/26\/revisions\/3284"}],"wp:attachment":[{"href":"https:\/\/arhiva.danceweekfestival.com\/stari\/wp-json\/wp\/v2\/media?parent=26"}],"curies":[{"name":"wp","href":"https:\/\/api.w.org\/{rel}","templated":true}]}}