{"id":2901,"date":"2024-06-10T11:50:54","date_gmt":"2024-06-10T11:50:54","guid":{"rendered":"https:\/\/arhiva.danceweekfestival.com\/stari\/?page_id=2901"},"modified":"2024-06-11T14:58:27","modified_gmt":"2024-06-11T14:58:27","slug":"programski-detalji","status":"publish","type":"page","link":"https:\/\/arhiva.danceweekfestival.com\/stari\/programski-detalji\/","title":{"rendered":"PROGRAMSKI DETALJI"},"content":{"rendered":"\t\t<div data-elementor-type=\"wp-page\" data-elementor-id=\"2901\" class=\"elementor elementor-2901\">\n\t\t\t\t\t\t<section class=\"elementor-section elementor-top-section elementor-element elementor-element-313a33d elementor-section-boxed elementor-section-height-default elementor-section-height-default\" data-id=\"313a33d\" data-element_type=\"section\">\n\t\t\t\t\t\t<div class=\"elementor-container elementor-column-gap-default\">\n\t\t\t\t\t<div class=\"elementor-column elementor-col-33 elementor-top-column elementor-element elementor-element-b4ab891\" data-id=\"b4ab891\" data-element_type=\"column\">\n\t\t\t<div class=\"elementor-widget-wrap elementor-element-populated\">\n\t\t\t\t\t\t<div data-ra-element-link=\"{&quot;url&quot;:&quot;https:\\\/\\\/arhiva.danceweekfestival.com\\\/stari\\\/wp-content\\\/uploads\\\/2024\\\/06\\\/1-Pop-Up-NEVER-ALLone-Matea-Bilosnic.pdf&quot;,&quot;is_external&quot;:&quot;&quot;,&quot;nofollow&quot;:&quot;&quot;,&quot;custom_attributes&quot;:&quot;&quot;}\" style=\"cursor: pointer\" target=\"_self\" onClick=\"window.open(&#039;https:\/\/arhiva.danceweekfestival.com\/stari\/wp-content\/uploads\/2024\/06\/1-Pop-Up-NEVER-ALLone-Matea-Bilosnic.pdf&#039;, &#039;_self&#039;)\" class=\"elementor-element elementor-element-eb29332 elementor-widget elementor-widget-image\" data-id=\"eb29332\" data-element_type=\"widget\" data-widget_type=\"image.default\">\n\t\t\t\t<div class=\"elementor-widget-container\">\n\t\t\t<style>\/*! elementor - v3.21.0 - 26-05-2024 *\/\n.elementor-widget-image{text-align:center}.elementor-widget-image a{display:inline-block}.elementor-widget-image a img[src$=\".svg\"]{width:48px}.elementor-widget-image img{vertical-align:middle;display:inline-block}<\/style>\t\t\t\t\t\t\t<figure class=\"wp-caption\">\n\t\t\t\t\t\t\t\t\t\t\t<a href=\"https:\/\/arhiva.danceweekfestival.com\/stari\/wp-content\/uploads\/2024\/06\/1-Pop-Up-NEVER-ALLone-Matea-Bilosnic.pdf\">\n\t\t\t\t\t\t\t<img fetchpriority=\"high\" decoding=\"async\" width=\"630\" height=\"420\" src=\"https:\/\/arhiva.danceweekfestival.com\/stari\/wp-content\/uploads\/2024\/06\/1-never-allone-matea-bilosnic.jpg\" class=\"attachment-large size-large wp-image-2914\" alt=\"\" srcset=\"https:\/\/arhiva.danceweekfestival.com\/stari\/wp-content\/uploads\/2024\/06\/1-never-allone-matea-bilosnic.jpg 630w, https:\/\/arhiva.danceweekfestival.com\/stari\/wp-content\/uploads\/2024\/06\/1-never-allone-matea-bilosnic-300x200.jpg 300w\" sizes=\"(max-width: 630px) 100vw, 630px\" \/>\t\t\t\t\t\t\t\t<\/a>\n\t\t\t\t\t\t\t\t\t\t\t<figcaption class=\"widget-image-caption wp-caption-text\">07. 06. u 21.00h, Zagreba\u010dki plesni centar.  NEVER ALLone -  Matea Bilosni\u0107<\/figcaption>\n\t\t\t\t\t\t\t\t\t\t<\/figure>\n\t\t\t\t\t\t\t<\/div>\n\t\t\t\t<\/div>\n\t\t\t\t\t<\/div>\n\t\t<\/div>\n\t\t\t\t<div class=\"elementor-column elementor-col-33 elementor-top-column elementor-element elementor-element-ba6f109\" data-id=\"ba6f109\" data-element_type=\"column\">\n\t\t\t<div class=\"elementor-widget-wrap elementor-element-populated\">\n\t\t\t\t\t\t<div data-ra-element-link=\"{&quot;url&quot;:&quot;https:\\\/\\\/arhiva.danceweekfestival.com\\\/stari\\\/wp-content\\\/uploads\\\/2024\\\/06\\\/2-POP-UP-Arms-that-never-knew-me-.pdf&quot;,&quot;is_external&quot;:&quot;&quot;,&quot;nofollow&quot;:&quot;&quot;,&quot;custom_attributes&quot;:&quot;&quot;}\" style=\"cursor: pointer\" target=\"_self\" onClick=\"window.open(&#039;https:\/\/arhiva.danceweekfestival.com\/stari\/wp-content\/uploads\/2024\/06\/2-POP-UP-Arms-that-never-knew-me-.pdf&#039;, &#039;_self&#039;)\" class=\"elementor-element elementor-element-5ec8b48 elementor-widget elementor-widget-image\" data-id=\"5ec8b48\" data-element_type=\"widget\" data-widget_type=\"image.default\">\n\t\t\t\t<div class=\"elementor-widget-container\">\n\t\t\t\t\t\t\t\t\t\t<figure class=\"wp-caption\">\n\t\t\t\t\t\t\t\t\t\t\t<a href=\"https:\/\/arhiva.danceweekfestival.com\/stari\/wp-content\/uploads\/2024\/06\/2-POP-UP-Arms-that-never-knew-me-.pdf\">\n\t\t\t\t\t\t\t<img decoding=\"async\" width=\"562\" height=\"375\" src=\"https:\/\/arhiva.danceweekfestival.com\/stari\/wp-content\/uploads\/2024\/06\/2-arms-that-never-knew-me.jpg\" class=\"attachment-large size-large wp-image-2915\" alt=\"\" srcset=\"https:\/\/arhiva.danceweekfestival.com\/stari\/wp-content\/uploads\/2024\/06\/2-arms-that-never-knew-me.jpg 562w, https:\/\/arhiva.danceweekfestival.com\/stari\/wp-content\/uploads\/2024\/06\/2-arms-that-never-knew-me-300x200.jpg 300w\" sizes=\"(max-width: 562px) 100vw, 562px\" \/>\t\t\t\t\t\t\t\t<\/a>\n\t\t\t\t\t\t\t\t\t\t\t<figcaption class=\"widget-image-caption wp-caption-text\">10. 06. u 20.00h, Zagreba\u010dki plesni centar.  ARMS THAT NEVER KNEW ME  -     Milan Toma\u0161ik, Charlie Brittain (SI\/UK)<\/figcaption>\n\t\t\t\t\t\t\t\t\t\t<\/figure>\n\t\t\t\t\t\t\t<\/div>\n\t\t\t\t<\/div>\n\t\t\t\t\t<\/div>\n\t\t<\/div>\n\t\t\t\t<div class=\"elementor-column elementor-col-33 elementor-top-column elementor-element elementor-element-bee8bc6\" data-id=\"bee8bc6\" data-element_type=\"column\">\n\t\t\t<div class=\"elementor-widget-wrap elementor-element-populated\">\n\t\t\t\t\t\t<div data-ra-element-link=\"{&quot;url&quot;:&quot;https:\\\/\\\/arhiva.danceweekfestival.com\\\/stari\\\/wp-content\\\/uploads\\\/2024\\\/06\\\/3-POP-UP-Window-VIs-Motrix-Cocoon-Dance-.pdf&quot;,&quot;is_external&quot;:&quot;&quot;,&quot;nofollow&quot;:&quot;&quot;,&quot;custom_attributes&quot;:&quot;&quot;}\" style=\"cursor: pointer\" target=\"_self\" onClick=\"window.open(&#039;https:\/\/arhiva.danceweekfestival.com\/stari\/wp-content\/uploads\/2024\/06\/3-POP-UP-Window-VIs-Motrix-Cocoon-Dance-.pdf&#039;, &#039;_self&#039;)\" class=\"elementor-element elementor-element-8f8644f elementor-widget elementor-widget-image\" data-id=\"8f8644f\" data-element_type=\"widget\" data-widget_type=\"image.default\">\n\t\t\t\t<div class=\"elementor-widget-container\">\n\t\t\t\t\t\t\t\t\t\t<figure class=\"wp-caption\">\n\t\t\t\t\t\t\t\t\t\t\t<a href=\"https:\/\/arhiva.danceweekfestival.com\/stari\/wp-content\/uploads\/2024\/06\/3-POP-UP-Window-VIs-Motrix-Cocoon-Dance-.pdf\">\n\t\t\t\t\t\t\t<img decoding=\"async\" width=\"605\" height=\"404\" src=\"https:\/\/arhiva.danceweekfestival.com\/stari\/wp-content\/uploads\/2024\/06\/3-vis-motrix-cocoon-dance.jpg\" class=\"attachment-large size-large wp-image-2912\" alt=\"\" srcset=\"https:\/\/arhiva.danceweekfestival.com\/stari\/wp-content\/uploads\/2024\/06\/3-vis-motrix-cocoon-dance.jpg 605w, https:\/\/arhiva.danceweekfestival.com\/stari\/wp-content\/uploads\/2024\/06\/3-vis-motrix-cocoon-dance-300x200.jpg 300w\" sizes=\"(max-width: 605px) 100vw, 605px\" \/>\t\t\t\t\t\t\t\t<\/a>\n\t\t\t\t\t\t\t\t\t\t\t<figcaption class=\"widget-image-caption wp-caption-text\">11. i 12. 06. u 20.00h, Zagreba\u010dki plesni centar.  VIS MOTRIX   -  Cocoon Dance (D)<\/figcaption>\n\t\t\t\t\t\t\t\t\t\t<\/figure>\n\t\t\t\t\t\t\t<\/div>\n\t\t\t\t<\/div>\n\t\t\t\t\t<\/div>\n\t\t<\/div>\n\t\t\t\t\t<\/div>\n\t\t<\/section>\n\t\t\t\t<section class=\"elementor-section elementor-top-section elementor-element elementor-element-f1ad096 elementor-section-boxed elementor-section-height-default elementor-section-height-default\" data-id=\"f1ad096\" data-element_type=\"section\">\n\t\t\t\t\t\t<div class=\"elementor-container elementor-column-gap-default\">\n\t\t\t\t\t<div class=\"elementor-column elementor-col-33 elementor-top-column elementor-element elementor-element-7ae369d\" data-id=\"7ae369d\" data-element_type=\"column\">\n\t\t\t<div class=\"elementor-widget-wrap elementor-element-populated\">\n\t\t\t\t\t\t<div data-ra-element-link=\"{&quot;url&quot;:&quot;https:\\\/\\\/arhiva.danceweekfestival.com\\\/stari\\\/wp-content\\\/uploads\\\/2024\\\/06\\\/4-Pop-Up-Gentle-Unicorn-Chiara-Bersani.pdf&quot;,&quot;is_external&quot;:&quot;&quot;,&quot;nofollow&quot;:&quot;&quot;,&quot;custom_attributes&quot;:&quot;&quot;}\" style=\"cursor: pointer\" target=\"_self\" onClick=\"window.open(&#039;https:\/\/arhiva.danceweekfestival.com\/stari\/wp-content\/uploads\/2024\/06\/4-Pop-Up-Gentle-Unicorn-Chiara-Bersani.pdf&#039;, &#039;_self&#039;)\" class=\"elementor-element elementor-element-6a5aabc elementor-widget elementor-widget-image\" data-id=\"6a5aabc\" data-element_type=\"widget\" data-widget_type=\"image.default\">\n\t\t\t\t<div class=\"elementor-widget-container\">\n\t\t\t\t\t\t\t\t\t\t<figure class=\"wp-caption\">\n\t\t\t\t\t\t\t\t\t\t\t<a href=\"https:\/\/arhiva.danceweekfestival.com\/stari\/wp-content\/uploads\/2024\/06\/4-Pop-Up-Gentle-Unicorn-Chiara-Bersani.pdf\">\n\t\t\t\t\t\t\t<img loading=\"lazy\" decoding=\"async\" width=\"1024\" height=\"684\" src=\"https:\/\/arhiva.danceweekfestival.com\/stari\/wp-content\/uploads\/2024\/06\/4-gentle-unicorn-1024x684.jpg\" class=\"attachment-large size-large wp-image-2913\" alt=\"\" srcset=\"https:\/\/arhiva.danceweekfestival.com\/stari\/wp-content\/uploads\/2024\/06\/4-gentle-unicorn-1024x684.jpg 1024w, https:\/\/arhiva.danceweekfestival.com\/stari\/wp-content\/uploads\/2024\/06\/4-gentle-unicorn-300x200.jpg 300w, https:\/\/arhiva.danceweekfestival.com\/stari\/wp-content\/uploads\/2024\/06\/4-gentle-unicorn-768x513.jpg 768w, https:\/\/arhiva.danceweekfestival.com\/stari\/wp-content\/uploads\/2024\/06\/4-gentle-unicorn.jpg 1203w\" sizes=\"(max-width: 1024px) 100vw, 1024px\" \/>\t\t\t\t\t\t\t\t<\/a>\n\t\t\t\t\t\t\t\t\t\t\t<figcaption class=\"widget-image-caption wp-caption-text\">12. 06.  u 20.30h, Hrvatski kulturni dom na Su\u0161aku, Rijeka.  GENTLE UNICORN - Chiara Bersani (I). U suradnji sa Festivalom Inkluzivne Scene Riijeka. <\/figcaption>\n\t\t\t\t\t\t\t\t\t\t<\/figure>\n\t\t\t\t\t\t\t<\/div>\n\t\t\t\t<\/div>\n\t\t\t\t\t<\/div>\n\t\t<\/div>\n\t\t\t\t<div class=\"elementor-column elementor-col-33 elementor-top-column elementor-element elementor-element-1981701\" data-id=\"1981701\" data-element_type=\"column\">\n\t\t\t<div class=\"elementor-widget-wrap elementor-element-populated\">\n\t\t\t\t\t\t<div data-ra-element-link=\"{&quot;url&quot;:&quot;https:\\\/\\\/arhiva.danceweekfestival.com\\\/stari\\\/wp-content\\\/uploads\\\/2024\\\/06\\\/5-pop-up-window-Choreomaniacs-Tangaj-Collective-.pdf&quot;,&quot;is_external&quot;:&quot;&quot;,&quot;nofollow&quot;:&quot;&quot;,&quot;custom_attributes&quot;:&quot;&quot;}\" style=\"cursor: pointer\" target=\"_self\" onClick=\"window.open(&#039;https:\/\/arhiva.danceweekfestival.com\/stari\/wp-content\/uploads\/2024\/06\/5-pop-up-window-Choreomaniacs-Tangaj-Collective-.pdf&#039;, &#039;_self&#039;)\" class=\"elementor-element elementor-element-556cf64 elementor-widget elementor-widget-image\" data-id=\"556cf64\" data-element_type=\"widget\" data-widget_type=\"image.default\">\n\t\t\t\t<div class=\"elementor-widget-container\">\n\t\t\t\t\t\t\t\t\t\t<figure class=\"wp-caption\">\n\t\t\t\t\t\t\t\t\t\t\t<a href=\"https:\/\/arhiva.danceweekfestival.com\/stari\/wp-content\/uploads\/2024\/06\/5-pop-up-window-Choreomaniacs-Tangaj-Collective-.pdf\">\n\t\t\t\t\t\t\t<img loading=\"lazy\" decoding=\"async\" width=\"902\" height=\"603\" src=\"https:\/\/arhiva.danceweekfestival.com\/stari\/wp-content\/uploads\/2024\/06\/5-Choreomaniacs.jpg\" class=\"attachment-large size-large wp-image-2911\" alt=\"\" srcset=\"https:\/\/arhiva.danceweekfestival.com\/stari\/wp-content\/uploads\/2024\/06\/5-Choreomaniacs.jpg 902w, https:\/\/arhiva.danceweekfestival.com\/stari\/wp-content\/uploads\/2024\/06\/5-Choreomaniacs-300x201.jpg 300w, https:\/\/arhiva.danceweekfestival.com\/stari\/wp-content\/uploads\/2024\/06\/5-Choreomaniacs-768x513.jpg 768w\" sizes=\"(max-width: 902px) 100vw, 902px\" \/>\t\t\t\t\t\t\t\t<\/a>\n\t\t\t\t\t\t\t\t\t\t\t<figcaption class=\"widget-image-caption wp-caption-text\">13. 06.  20.00h, Zagreba\u010dki plesni centar, CHOREOMANIACS | Tangaj Collective (RO)<\/figcaption>\n\t\t\t\t\t\t\t\t\t\t<\/figure>\n\t\t\t\t\t\t\t<\/div>\n\t\t\t\t<\/div>\n\t\t\t\t\t<\/div>\n\t\t<\/div>\n\t\t\t\t<div class=\"elementor-column elementor-col-33 elementor-top-column elementor-element elementor-element-ba555fe\" data-id=\"ba555fe\" data-element_type=\"column\">\n\t\t\t<div class=\"elementor-widget-wrap elementor-element-populated\">\n\t\t\t\t\t\t<div data-ra-element-link=\"{&quot;url&quot;:&quot;https:\\\/\\\/arhiva.danceweekfestival.com\\\/stari\\\/wp-content\\\/uploads\\\/2024\\\/06\\\/6-Sinequanon-Pop-Up-Window-.pdf&quot;,&quot;is_external&quot;:&quot;&quot;,&quot;nofollow&quot;:&quot;&quot;,&quot;custom_attributes&quot;:&quot;&quot;}\" style=\"cursor: pointer\" target=\"_self\" onClick=\"window.open(&#039;https:\/\/arhiva.danceweekfestival.com\/stari\/wp-content\/uploads\/2024\/06\/6-Sinequanon-Pop-Up-Window-.pdf&#039;, &#039;_self&#039;)\" class=\"elementor-element elementor-element-87cc5ad elementor-widget elementor-widget-image\" data-id=\"87cc5ad\" data-element_type=\"widget\" data-widget_type=\"image.default\">\n\t\t\t\t<div class=\"elementor-widget-container\">\n\t\t\t\t\t\t\t\t\t\t<figure class=\"wp-caption\">\n\t\t\t\t\t\t\t\t\t\t\t<a href=\"https:\/\/arhiva.danceweekfestival.com\/stari\/wp-content\/uploads\/2024\/06\/6-Sinequanon-Pop-Up-Window-.pdf\">\n\t\t\t\t\t\t\t<img loading=\"lazy\" decoding=\"async\" width=\"1024\" height=\"682\" src=\"https:\/\/arhiva.danceweekfestival.com\/stari\/wp-content\/uploads\/2024\/06\/6-futuro-e-ancestral-1024x682.jpg\" class=\"attachment-large size-large wp-image-2910\" alt=\"\" srcset=\"https:\/\/arhiva.danceweekfestival.com\/stari\/wp-content\/uploads\/2024\/06\/6-futuro-e-ancestral-1024x682.jpg 1024w, https:\/\/arhiva.danceweekfestival.com\/stari\/wp-content\/uploads\/2024\/06\/6-futuro-e-ancestral-300x200.jpg 300w, https:\/\/arhiva.danceweekfestival.com\/stari\/wp-content\/uploads\/2024\/06\/6-futuro-e-ancestral-768x511.jpg 768w, https:\/\/arhiva.danceweekfestival.com\/stari\/wp-content\/uploads\/2024\/06\/6-futuro-e-ancestral.jpg 1203w\" sizes=\"(max-width: 1024px) 100vw, 1024px\" \/>\t\t\t\t\t\t\t\t<\/a>\n\t\t\t\t\t\t\t\t\t\t\t<figcaption class=\"widget-image-caption wp-caption-text\">14. 06. u 20.00h, Zagreba\u010dki plesni centar.   O FUTURO \u00c9 ANCESTRAL - Sinequanon Arts (FR). Gostovanje je realizirano u  suradnji sa Festivalom Perforacije, Udruga Domino<\/figcaption>\n\t\t\t\t\t\t\t\t\t\t<\/figure>\n\t\t\t\t\t\t\t<\/div>\n\t\t\t\t<\/div>\n\t\t\t\t\t<\/div>\n\t\t<\/div>\n\t\t\t\t\t<\/div>\n\t\t<\/section>\n\t\t\t\t<section class=\"elementor-section elementor-top-section elementor-element elementor-element-4d21d32 elementor-section-boxed elementor-section-height-default elementor-section-height-default\" data-id=\"4d21d32\" data-element_type=\"section\">\n\t\t\t\t\t\t<div class=\"elementor-container elementor-column-gap-default\">\n\t\t\t\t\t<div class=\"elementor-column elementor-col-100 elementor-top-column elementor-element elementor-element-92a046f\" data-id=\"92a046f\" data-element_type=\"column\">\n\t\t\t<div class=\"elementor-widget-wrap elementor-element-populated\">\n\t\t\t\t\t\t\t<\/div>\n\t\t<\/div>\n\t\t\t\t\t<\/div>\n\t\t<\/section>\n\t\t\t\t<\/div>\n\t\t","protected":false},"excerpt":{"rendered":"<p>07. 06. u 21.00h, Zagreba\u010dki plesni centar. NEVER ALLone &#8211; Matea Bilosni\u0107 10. 06. u 20.00h, Zagreba\u010dki plesni centar. ARMS THAT NEVER KNEW ME &#8211; Milan Toma\u0161ik, Charlie Brittain (SI\/UK) 11. i 12. 06. u 20.00h, Zagreba\u010dki plesni centar. VIS MOTRIX &#8211; Cocoon Dance (D) 12. 06. u 20.30h, Hrvatski kulturni dom na Su\u0161aku, Rijeka. [&hellip;]<\/p>\n","protected":false},"author":1,"featured_media":0,"parent":0,"menu_order":0,"comment_status":"closed","ping_status":"closed","template":"","meta":{"ocean_post_layout":"","ocean_both_sidebars_style":"","ocean_both_sidebars_content_width":0,"ocean_both_sidebars_sidebars_width":0,"ocean_sidebar":"","ocean_second_sidebar":"","ocean_disable_margins":"enable","ocean_add_body_class":"","ocean_shortcode_before_top_bar":"","ocean_shortcode_after_top_bar":"","ocean_shortcode_before_header":"","ocean_shortcode_after_header":"","ocean_has_shortcode":"","ocean_shortcode_after_title":"","ocean_shortcode_before_footer_widgets":"","ocean_shortcode_after_footer_widgets":"","ocean_shortcode_before_footer_bottom":"","ocean_shortcode_after_footer_bottom":"","ocean_display_top_bar":"default","ocean_display_header":"default","ocean_header_style":"","ocean_center_header_left_menu":"","ocean_custom_header_template":"","ocean_custom_logo":0,"ocean_custom_retina_logo":0,"ocean_custom_logo_max_width":0,"ocean_custom_logo_tablet_max_width":0,"ocean_custom_logo_mobile_max_width":0,"ocean_custom_logo_max_height":0,"ocean_custom_logo_tablet_max_height":0,"ocean_custom_logo_mobile_max_height":0,"ocean_header_custom_menu":"","ocean_menu_typo_font_family":"","ocean_menu_typo_font_subset":"","ocean_menu_typo_font_size":0,"ocean_menu_typo_font_size_tablet":0,"ocean_menu_typo_font_size_mobile":0,"ocean_menu_typo_font_size_unit":"px","ocean_menu_typo_font_weight":"","ocean_menu_typo_font_weight_tablet":"","ocean_menu_typo_font_weight_mobile":"","ocean_menu_typo_transform":"","ocean_menu_typo_transform_tablet":"","ocean_menu_typo_transform_mobile":"","ocean_menu_typo_line_height":0,"ocean_menu_typo_line_height_tablet":0,"ocean_menu_typo_line_height_mobile":0,"ocean_menu_typo_line_height_unit":"","ocean_menu_typo_spacing":0,"ocean_menu_typo_spacing_tablet":0,"ocean_menu_typo_spacing_mobile":0,"ocean_menu_typo_spacing_unit":"","ocean_menu_link_color":"","ocean_menu_link_color_hover":"","ocean_menu_link_color_active":"","ocean_menu_link_background":"","ocean_menu_link_hover_background":"","ocean_menu_link_active_background":"","ocean_menu_social_links_bg":"","ocean_menu_social_hover_links_bg":"","ocean_menu_social_links_color":"","ocean_menu_social_hover_links_color":"","ocean_disable_title":"default","ocean_disable_heading":"default","ocean_post_title":"","ocean_post_subheading":"","ocean_post_title_style":"","ocean_post_title_background_color":"","ocean_post_title_background":0,"ocean_post_title_bg_image_position":"","ocean_post_title_bg_image_attachment":"","ocean_post_title_bg_image_repeat":"","ocean_post_title_bg_image_size":"","ocean_post_title_height":0,"ocean_post_title_bg_overlay":0.5,"ocean_post_title_bg_overlay_color":"","ocean_disable_breadcrumbs":"default","ocean_breadcrumbs_color":"","ocean_breadcrumbs_separator_color":"","ocean_breadcrumbs_links_color":"","ocean_breadcrumbs_links_hover_color":"","ocean_display_footer_widgets":"default","ocean_display_footer_bottom":"default","ocean_custom_footer_template":"","footnotes":""},"class_list":["post-2901","page","type-page","status-publish","hentry","entry"],"_links":{"self":[{"href":"https:\/\/arhiva.danceweekfestival.com\/stari\/wp-json\/wp\/v2\/pages\/2901","targetHints":{"allow":["GET"]}}],"collection":[{"href":"https:\/\/arhiva.danceweekfestival.com\/stari\/wp-json\/wp\/v2\/pages"}],"about":[{"href":"https:\/\/arhiva.danceweekfestival.com\/stari\/wp-json\/wp\/v2\/types\/page"}],"author":[{"embeddable":true,"href":"https:\/\/arhiva.danceweekfestival.com\/stari\/wp-json\/wp\/v2\/users\/1"}],"replies":[{"embeddable":true,"href":"https:\/\/arhiva.danceweekfestival.com\/stari\/wp-json\/wp\/v2\/comments?post=2901"}],"version-history":[{"count":62,"href":"https:\/\/arhiva.danceweekfestival.com\/stari\/wp-json\/wp\/v2\/pages\/2901\/revisions"}],"predecessor-version":[{"id":3225,"href":"https:\/\/arhiva.danceweekfestival.com\/stari\/wp-json\/wp\/v2\/pages\/2901\/revisions\/3225"}],"wp:attachment":[{"href":"https:\/\/arhiva.danceweekfestival.com\/stari\/wp-json\/wp\/v2\/media?parent=2901"}],"curies":[{"name":"wp","href":"https:\/\/api.w.org\/{rel}","templated":true}]}}