{"id":2992,"date":"2024-06-06T15:19:48","date_gmt":"2024-06-06T15:19:48","guid":{"rendered":"https:\/\/arhiva.danceweekfestival.com\/stari\/?page_id=2992"},"modified":"2024-06-10T14:00:14","modified_gmt":"2024-06-10T14:00:14","slug":"41-dance-week-festival-schedule","status":"publish","type":"page","link":"https:\/\/arhiva.danceweekfestival.com\/stari\/en\/41-dance-week-festival-schedule\/","title":{"rendered":"41. Dance Week Festival Schedule"},"content":{"rendered":"\t\t<div data-elementor-type=\"wp-page\" data-elementor-id=\"2992\" class=\"elementor elementor-2992\">\n\t\t\t\t\t\t<section class=\"elementor-section elementor-top-section elementor-element elementor-element-491e346a elementor-section-boxed elementor-section-height-default elementor-section-height-default\" data-id=\"491e346a\" data-element_type=\"section\">\n\t\t\t\t\t\t<div class=\"elementor-container elementor-column-gap-default\">\n\t\t\t\t\t<div class=\"elementor-column elementor-col-100 elementor-top-column elementor-element elementor-element-365e8dd7\" data-id=\"365e8dd7\" data-element_type=\"column\">\n\t\t\t<div class=\"elementor-widget-wrap elementor-element-populated\">\n\t\t\t\t\t\t<div class=\"elementor-element elementor-element-2f4a1671 elementor-widget elementor-widget-text-editor\" data-id=\"2f4a1671\" data-element_type=\"widget\" data-widget_type=\"text-editor.default\">\n\t\t\t\t<div class=\"elementor-widget-container\">\n\t\t\t<style>\/*! elementor - v3.21.0 - 26-05-2024 *\/\n.elementor-widget-text-editor.elementor-drop-cap-view-stacked .elementor-drop-cap{background-color:#69727d;color:#fff}.elementor-widget-text-editor.elementor-drop-cap-view-framed .elementor-drop-cap{color:#69727d;border:3px solid;background-color:transparent}.elementor-widget-text-editor:not(.elementor-drop-cap-view-default) .elementor-drop-cap{margin-top:8px}.elementor-widget-text-editor:not(.elementor-drop-cap-view-default) .elementor-drop-cap-letter{width:1em;height:1em}.elementor-widget-text-editor .elementor-drop-cap{float:left;text-align:center;line-height:1;font-size:50px}.elementor-widget-text-editor .elementor-drop-cap-letter{display:inline-block}<\/style>\t\t\t\t<p class=\"p1\"><b>07. 06. at 9.00PM<span class=\"Apple-converted-space\">\u00a0 \u00a0 <\/span>NEVER<span class=\"Apple-converted-space\">\u00a0 <\/span>ALLone<\/b><span class=\"Apple-converted-space\">\u00a0 <\/span>(HR)<span class=\"Apple-converted-space\">\u00a0 <\/span>|<span class=\"Apple-converted-space\">\u00a0 <\/span><b>Zagreb Dance Centre<span class=\"Apple-converted-space\">\u00a0 \u00a0<\/span><\/b><\/p><p class=\"p2\"><i>\u2026 the choreographic journey the artists embarks on is treated as a personal time machine that allows her to reflec and reimagine her past and her future \u2013 the space that she visits most frequently and where she remains most. This time the journey is now commencing with use of technology.\u00a0<\/i><\/p><p class=\"p1\"><b>Choreographer:<\/b> Matea Bilosni\u0107 | <b>Performers:<\/b> Matea Bilosni\u0107 &amp; Nata\u0161a Kustura | <b>Dramaturgist:<\/b> Nikolina Rafaj | <b>Music:<\/b> Nikola Krgovi\u0107 N\/OBE | <b>Set and Visual Identity:<\/b> Josip Kresovi\u0107 | <b>Costume Design:<\/b> Ana Fucija\u0161 | <b>Lighting Designer :<\/b> DSa\u0161a Fistri\u0107 | <b>Robotics:<\/b> Vedran Relja |<\/p><p class=\"p1\"><b>Coproduction:<\/b> Matea Bilosni\u0107, Zadarski plesni ansambl (ZdPA), Hrvatski institut za pokret i ples (HIPP) kroz Tjedan suvremenog plesa (TSP) &amp; ZPC<\/p><p class=\"p1\"><b>10.06 at 8.00PM<span class=\"Apple-converted-space\">\u00a0 \u00a0 \u00a0 <\/span>ARMS THAT NEVER KNEW ME (SI)<\/b> |<span class=\"Apple-converted-space\">\u00a0 <\/span><b>Zagreb Dance Centre <\/b><\/p><p class=\"p4\"><i>\u2026in the intersection of current times and the endless possibilities offered to through dance, where in<span class=\"Apple-converted-space\">\u00a0 <\/span>the past, present and future connect into an infinite knot without beginning nor end.<span class=\"Apple-converted-space\">\u00a0 <\/span>The performance is a poetic journey within which Tomasik\u2019s unique performative qualities shine and are woven through multiples tht arise through collaboration but also collision of sound, set, lights creating a collective body within which Tao sources strength in the sound, but also finds potential in silence\u2026 revealing the volatile thread between what is and all that coule be.\u00a0<\/i><\/p><p class=\"p1\"><b>Artistic Direction:<\/b> Charlie Brittain (UK) &amp; Milan Tom\u00e1\u0161ik (SK\/SI)<span class=\"Apple-converted-space\">\u00a0 <\/span>|<span class=\"Apple-converted-space\">\u00a0 <\/span><b>Performer: <\/b>Milan Tom\u00e1\u0161ik<span class=\"Apple-converted-space\">\u00a0 <\/span>|<span class=\"Apple-converted-space\">\u00a0 <\/span><b>Original Music:<\/b> Jakub Mudr\u00e1k, Eduardo Raon<span class=\"Apple-converted-space\">\u00a0 <\/span>|<span class=\"Apple-converted-space\">\u00a0 <\/span><b>Lighting Design:<\/b> David Cvelbar, Janko \u010cief<span class=\"Apple-converted-space\">\u00a0 <\/span>|<span class=\"Apple-converted-space\">\u00a0 <\/span><b>Set and Costumes:<\/b> Design Jasna Vastl<span class=\"Apple-converted-space\">\u00a0 <\/span>|<span class=\"Apple-converted-space\">\u00a0 <\/span><b>Photography and Visuals:<\/b> Andi Ban\u010di\u0107<span class=\"Apple-converted-space\">\u00a0 <\/span>| <b>Set Photography:<\/b> Vladim\u00edr Veverka\u00a0<\/p><p class=\"p4\"><b>Producer:<\/b> Flota, zavod, Murska Sobota<b> <\/b>(SI) |<span class=\"Apple-converted-space\">\u00a0 <\/span><b>Coproducer:<\/b> Cankarjev dom, Flota, Ljubljana (SI)<\/p><p class=\"p5\"><span class=\"s1\"><a href=\"https:\/\/milantomasik.com\">https:\/\/milantomasik.com<\/a><\/span><\/p><p class=\"p1\"><b>11. i 12. 06. 8.00PM<span class=\"Apple-converted-space\">\u00a0 <\/span><i>VIS MOTRIX &#8211; <\/i>Cocoon Dance (D) | Zagreba\u010dki plesni centar <\/b><\/p><p class=\"p1\"><b><i>\u2026.<\/i><\/b> through the wonderous world that the dancers creat emerge fascinating beings, of extraordinary endurance, and with magnificent ease\u2026 Dancers emerge from another distant world,<span class=\"Apple-converted-space\">\u00a0 <\/span>they move through space creating a hypnotic atmosphere that does not allow us to relax nor to be indifferent\u2026 <i>Hypnotic intelligence in movement\u2026<span class=\"Apple-converted-space\">\u00a0 \u00a0<\/span><\/i><\/p><p class=\"p1\">\u00a0<\/p><p class=\"p1\"><b>Choreography:<\/b> Rafa\u00eble Giovanola<span class=\"Apple-converted-space\">\u00a0 <\/span>| <b>Performers:<\/b> \u00a0Fa-Hsuan Chen\/ Martina De Dominicis\/ Tanja Mar\u00edn Fri\u00f0j\u00f3nsd\u00f3ttir\/ Anna Kempin\/ Susanne Schneider\/ Marie Viennot<span class=\"Apple-converted-space\">\u00a0 <\/span>|<span class=\"Apple-converted-space\">\u00a0 <\/span><b>Dramaturgical concept:<\/b> Rainald Endra\u00df<span class=\"Apple-converted-space\">\u00a0 <\/span>|<span class=\"Apple-converted-space\">\u00a0 <\/span><b>Composition, Sound:<\/b> Franco Mento<span class=\"Apple-converted-space\">\u00a0 <\/span>|<span class=\"Apple-converted-space\">\u00a0 <\/span><b>Light, Space: <\/b>Gregor Glogowski<span class=\"Apple-converted-space\">\u00a0 <\/span>|<span class=\"Apple-converted-space\">\u00a0 <\/span><b>Costumes:<\/b> CocoonDance<\/p><p class=\"p6\"><span class=\"s2\">The performance in Zagreb is made possible through the support of the <\/span><span class=\"s3\"><i>NATIONALES PERFORMANCE NETZ International Guest Performance Fund for Dance, which is funded by the Federal Government Commissioner for Culture and the Media.<\/i><\/span><\/p><p class=\"p8\"><span class=\"s4\"><a href=\"https:\/\/www.cocoondance.net\">https:\/\/www.cocoondance.net<\/a><\/span><\/p><p class=\"p1\"><b>12. 06. 8.00PM <span class=\"Apple-converted-space\">\u00a0 <\/span>GENTLE UNICORN <span class=\"Apple-converted-space\">\u00a0 <\/span>(I) | Croatian Cultural Centre, Rijeka<\/b><\/p><p class=\"p9\"><i>\u2026a poetic research, a reflection on the origins and symbolism of the mythological unicorn, as Chiara Bersani presents us with the magical world of its existance, revealing the power and beauty of the political body in action \u2026<span class=\"Apple-converted-space\">\u00a0 \u00a0<\/span><\/i><\/p><p class=\"p1\"><b>Creation and Action: <\/b>Chiara Bersani<b><span class=\"Apple-converted-space\">\u00a0 <\/span>| Sound: <\/b>F. De Isabella<b><span class=\"Apple-converted-space\">\u00a0 <\/span>|<span class=\"Apple-converted-space\">\u00a0 <\/span>Lighting Design and Technical Director:<\/b> Valeria Foti<span class=\"Apple-converted-space\">\u00a0 <\/span>|<span class=\"Apple-converted-space\">\u00a0 <\/span><b>Stage Manager:<\/b> Paolo Tizianel<span class=\"Apple-converted-space\">\u00a0 <\/span><b>| Dramaturgy Consultants:<\/b> Luca Poncetta, Gaia Clotilde Chernetih<span class=\"Apple-converted-space\">\u00a0 <\/span>|<span class=\"Apple-converted-space\">\u00a0 <\/span><b>Trener:<\/b> Marta Ciappina<span class=\"Apple-converted-space\">\u00a0 <\/span>|<span class=\"Apple-converted-space\">\u00a0 <\/span><b>Artistic Consultant :<\/b> Marco D\u2019Agostin<\/p><p class=\"p1\"><span class=\"s1\"><a href=\"https:\/\/www.chiarabersani.it\">https:\/\/www.chiarabersani.it<\/a><\/span><\/p><p class=\"p2\">The performance is made possible through partnership with Festival of Inclusion, Rijeka.<span class=\"Apple-converted-space\">\u00a0 \u00a0<\/span><\/p><p class=\"p3\"><b>13.06. 8.00PM <span class=\"Apple-converted-space\">\u00a0 <\/span>CHOREOMANIACS , Tangaj Collective (RO) | Zagreb Dance Centre <\/b><\/p><p class=\"p3\"><i>\u2026 a performative docufiction, nominated performance for Europe\u2019s largest dance platform Aerowaves 2022, chronologically follows<span class=\"Apple-converted-space\">\u00a0 <\/span>the mass, dystopian event that fell upon the city of Strasbourg in 1518, and which infected hundreds.<span class=\"Apple-converted-space\">\u00a0 <\/span>Through use of humor, Simona Deaconescu reflects on the way dance is perceived, starting with the often clumsily recorded witness statements, to declarative truths. And, if you think that fake news is just an occurrence in current times, Choreomaniacs asks that you reconsider the mideival so called scientific perspectives\u2026,\u00a0<\/i><\/p><p class=\"p3\"><b>Choreography and Dramaturgy:<\/b> Simona Deaconescu<span class=\"Apple-converted-space\">\u00a0 <\/span>|<span class=\"Apple-converted-space\">\u00a0 <\/span><b>Performers:<\/b> Vera Cirlugea, Adrian Popita, Robert Popa, Diana Dragu, Laura Murariu<span class=\"Apple-converted-space\">\u00a0 <\/span>|<span class=\"Apple-converted-space\">\u00a0 <\/span><b>Music:<\/b>\u00a0Vlaicu Golcea<span class=\"Apple-converted-space\">\u00a0 <\/span>|<span class=\"Apple-converted-space\">\u00a0 <\/span><b>Lighting Design:<\/b> Alexandros Raptis\u00a0<\/p><p class=\"p6\"><span class=\"s2\"><b>Producer:<\/b> National Dance Centre, Bucharest. The project is cofunded by the National Cultural Fund as part of the serial <\/span> \u201cDance Me to the End of\u2026 (exercises, approaches, departures,)\u201d.<span class=\"Apple-converted-space\">\u00a0 <\/span>The project does not reflect the beliefs of the National Cultural Fund. The National Cultural Fund is not responsible regarding the content of the project nor its distribution.<span class=\"Apple-converted-space\">\u00a0 <\/span>.<span class=\"Apple-converted-space\">\u00a0 \u00a0<\/span><\/p><p class=\"p8\"><span class=\"s1\"><a href=\"https:\/\/www.tangajdance.com\/my-product\/choreomaniacs\/\">https:\/\/www.tangajdance.com\/my-product\/choreomaniacs\/<\/a><\/span><\/p><p class=\"p3\"><b>14.06. 8.00PM O FUTURO \u00c9 ANCESTRAL<\/b><span class=\"s3\">, <\/span><b>Sinequanon Arts<span class=\"Apple-converted-space\">\u00a0 <\/span>(FR)<\/b><span class=\"s3\"> | <\/span><b>Zagreba\u010dki plesni centar <\/b><\/p><p class=\"p3\"><b>\u2026 <\/b>an exhibition in movement,<b> <\/b><i>an ode and an appeal for us to slow down\u2026The weight of the concrete is a metaphor for our civilisation and our colonial past, and emphasizes human fragility, while Shiburi ritual invites us into solidarity among people, against the disintegration of<span class=\"Apple-converted-space\">\u00a0 <\/span>society\u2026<span class=\"Apple-converted-space\">\u00a0 <\/span>The resulting experience is intense, and also additionally highlighted through the close proximit of all engaging in this highly aestheticized experiental journeying\u2026.<span class=\"Apple-converted-space\">\u00a0 <\/span>.<span class=\"Apple-converted-space\">\u00a0 <\/span><\/i><span class=\"s4\"><b><i>Christophe B\u00e9ranger and <\/i><\/b><i>\u00a0<\/i><b><i>Jonathan Pranlas-Descours, <\/i><\/b><i>\u00a0<\/i><\/span><i> \u201c choreographers of materials\u201d<span class=\"Apple-converted-space\">\u00a0 <\/span>once again create one of<span class=\"Apple-converted-space\">\u00a0 <\/span>their hybrid, political reflections rooted in the queer expression, and underscoring the contradiction of today\u2019s world, the changes, utopian but deeply embedded in our consciousness, a creation that embodies the contractions of the world we live in\u2026 <\/i><span class=\"s4\"><i>\u2026 <\/i><\/span><\/p><p class=\"p9\"><b>Concept:<\/b> Christophehe B\u00e9ranger &amp; Jonathan Pranlas-Descours (FR)<span class=\"Apple-converted-space\">\u00a0 <\/span>| |<b>Visual arts collaborator<\/b>: <b> <span class=\"Apple-converted-space\">\u00a0 <\/span><\/b>Fabio Motta (BR)<span class=\"Apple-converted-space\">\u00a0 <\/span>|<span class=\"Apple-converted-space\">\u00a0 <\/span><b>Performers:<\/b> Christophe B\u00e9ranger, Jonathan Pranlas-Descours, Felipe Vian Fabio Motta<span class=\"Apple-converted-space\">\u00a0 <\/span>|<span class=\"Apple-converted-space\">\u00a0 <\/span><b>Music:<\/b> Julia Suero (AR)<span class=\"Apple-converted-space\">\u00a0 <\/span>| <b>Dramaturgist:<\/b> Georgina Kakoudaki (GR)<\/p><p class=\"p3\">O FUTURO \u00c9 ANCESTRAL is laureate of the first edition of \u201cCruzamentos\u201d festival (2022.), taking place through the network of the<span class=\"Apple-converted-space\">\u00a0 <\/span>Alliances Fran\u00e7aises in<span class=\"Apple-converted-space\">\u00a0 <\/span>Brasil in collaboration with<span class=\"Apple-converted-space\">\u00a0 \u00a0 <\/span>Chaillot Th\u00e9\u00e2tre national de la Danse (Paris, France) and MC2: Maison de la Culture de Grenoble (Grenoble, France)<span class=\"Apple-converted-space\">\u00a0 <\/span>in collaboration with<span class=\"Apple-converted-space\">\u00a0 <\/span>Funarte (Brasil); Finalists at <span class=\"s6\">Arte Laguna, Venice, Italy (2023.).<\/span><\/p><p class=\"p8\"><span class=\"s1\"><a href=\"https:\/\/www.sinequanonart.com\">https:\/\/www.sinequanonart.com<\/a><\/span><\/p><p class=\"p12\"><b>Choreographic workshops for professional dancers 10.00 AM to 1.00PM at Zagreb Dance Centre during the Festival are free with the presentation of a ticket purchased for a<span class=\"Apple-converted-space\">\u00a0 <\/span>Festival performance. Registration by email is free but required&gt; <\/b><a href=\"mailto:hipptsp@gmail.com\"><span class=\"s7\"><b>hipptsp@gmail.com<\/b><\/span><\/a><b>\u00a0<\/b><\/p><p class=\"p9\"><b>11.06.<\/b> Milan<span class=\"Apple-converted-space\">\u00a0 <\/span>Tomasik: Poetic Body |<span class=\"Apple-converted-space\">\u00a0 <\/span><b>12.06<\/b>. Rafa\u00eble Giovanola: Unthought Body |<span class=\"Apple-converted-space\">\u00a0 <\/span><b>13.06<\/b>. Simona Deaconescu<span class=\"Apple-converted-space\">\u00a0 <\/span>video, VR, film i ples\u00a0<\/p><p class=\"p1\"><b>Encounters<\/b><\/p><p class=\"p1\"><b>10. 06. u 1.00 PM<span class=\"Apple-converted-space\">\u00a0 <\/span>Zagreb Dance Centre:<span class=\"Apple-converted-space\">\u00a0 \u00a0 <\/span><\/b>Natalia Medina, Artistic and Founding Director<b> of <\/b>Natalia Medina, of MasDanza Festivala in Spaine, Gran Canaria, one of the largest in Europe, will introduce the festival and its unique choreographic competition for emergent choreographers. She is eager to learn and connect to Croatian dance practitioners. Natalia Medina and Masdanza Festival is associate partner with EU project Moving Balkans. <span class=\"Apple-converted-space\">\u00a0 \u00a0<\/span><\/p><p class=\"p1\"><b>10.06<span class=\"Apple-converted-space\">\u00a0 <\/span>6.00PM <\/b> <b>Zagreba\u010dki plesni centar<\/b>: presentation of EU project Moving Balkans. Network of 11 dance organizations through collaborative actions strengthen connectivity among artists in the region with European counterparts, raising awareness for productions made by artists working in the region. Actions include exchanges, coproductions, festival collaboration, workshops and other activities.\u00a0<\/p><p>\u00a0<\/p><p class=\"p3\"><b>Tickets for the Festival performances are avaiable for purchase<span class=\"Apple-converted-space\">\u00a0 <\/span>:<a href=\"https:\/\/www.entrio.hr\/\"> entrio.hr<\/a><\/b><\/p>\t\t\t\t\t\t<\/div>\n\t\t\t\t<\/div>\n\t\t\t\t\t<\/div>\n\t\t<\/div>\n\t\t\t\t\t<\/div>\n\t\t<\/section>\n\t\t\t\t<section class=\"elementor-section elementor-top-section elementor-element elementor-element-3cf80e1 elementor-section-boxed elementor-section-height-default elementor-section-height-default\" data-id=\"3cf80e1\" data-element_type=\"section\">\n\t\t\t\t\t\t<div class=\"elementor-container elementor-column-gap-default\">\n\t\t\t\t\t<div class=\"elementor-column elementor-col-100 elementor-top-column elementor-element elementor-element-3c19660\" data-id=\"3c19660\" data-element_type=\"column\">\n\t\t\t<div class=\"elementor-widget-wrap elementor-element-populated\">\n\t\t\t\t\t\t<div class=\"elementor-element elementor-element-8b98189 elementor-widget elementor-widget-image\" data-id=\"8b98189\" data-element_type=\"widget\" data-widget_type=\"image.default\">\n\t\t\t\t<div class=\"elementor-widget-container\">\n\t\t\t<style>\/*! elementor - v3.21.0 - 26-05-2024 *\/\n.elementor-widget-image{text-align:center}.elementor-widget-image a{display:inline-block}.elementor-widget-image a img[src$=\".svg\"]{width:48px}.elementor-widget-image img{vertical-align:middle;display:inline-block}<\/style>\t\t\t\t\t\t\t\t\t\t<img fetchpriority=\"high\" decoding=\"async\" width=\"768\" height=\"432\" src=\"https:\/\/arhiva.danceweekfestival.com\/stari\/wp-content\/uploads\/2024\/06\/Logos-41TSP-768x432.png\" class=\"attachment-medium_large size-medium_large wp-image-2592\" alt=\"\" srcset=\"https:\/\/arhiva.danceweekfestival.com\/stari\/wp-content\/uploads\/2024\/06\/Logos-41TSP-768x432.png 768w, https:\/\/arhiva.danceweekfestival.com\/stari\/wp-content\/uploads\/2024\/06\/Logos-41TSP-300x169.png 300w, https:\/\/arhiva.danceweekfestival.com\/stari\/wp-content\/uploads\/2024\/06\/Logos-41TSP-1024x576.png 1024w, https:\/\/arhiva.danceweekfestival.com\/stari\/wp-content\/uploads\/2024\/06\/Logos-41TSP-800x450.png 800w, https:\/\/arhiva.danceweekfestival.com\/stari\/wp-content\/uploads\/2024\/06\/Logos-41TSP.png 1280w\" sizes=\"(max-width: 768px) 100vw, 768px\" \/>\t\t\t\t\t\t\t\t\t\t\t\t\t<\/div>\n\t\t\t\t<\/div>\n\t\t\t\t\t<\/div>\n\t\t<\/div>\n\t\t\t\t\t<\/div>\n\t\t<\/section>\n\t\t\t\t<\/div>\n\t\t","protected":false},"excerpt":{"rendered":"<p>07. 06. at 9.00PM\u00a0 \u00a0 NEVER\u00a0 ALLone\u00a0 (HR)\u00a0 |\u00a0 Zagreb Dance Centre\u00a0 \u00a0 \u2026 the choreographic journey the artists embarks on is treated as a personal time machine that allows her to reflec and reimagine her past and her future \u2013 the space that she visits most frequently and where she remains most. This time [&hellip;]<\/p>\n","protected":false},"author":1,"featured_media":0,"parent":0,"menu_order":0,"comment_status":"closed","ping_status":"closed","template":"","meta":{"ocean_post_layout":"","ocean_both_sidebars_style":"","ocean_both_sidebars_content_width":0,"ocean_both_sidebars_sidebars_width":0,"ocean_sidebar":"","ocean_second_sidebar":"","ocean_disable_margins":"enable","ocean_add_body_class":"","ocean_shortcode_before_top_bar":"","ocean_shortcode_after_top_bar":"","ocean_shortcode_before_header":"","ocean_shortcode_after_header":"","ocean_has_shortcode":"","ocean_shortcode_after_title":"","ocean_shortcode_before_footer_widgets":"","ocean_shortcode_after_footer_widgets":"","ocean_shortcode_before_footer_bottom":"","ocean_shortcode_after_footer_bottom":"","ocean_display_top_bar":"default","ocean_display_header":"default","ocean_header_style":"","ocean_center_header_left_menu":"","ocean_custom_header_template":"","ocean_custom_logo":0,"ocean_custom_retina_logo":0,"ocean_custom_logo_max_width":0,"ocean_custom_logo_tablet_max_width":0,"ocean_custom_logo_mobile_max_width":0,"ocean_custom_logo_max_height":0,"ocean_custom_logo_tablet_max_height":0,"ocean_custom_logo_mobile_max_height":0,"ocean_header_custom_menu":"","ocean_menu_typo_font_family":"","ocean_menu_typo_font_subset":"","ocean_menu_typo_font_size":0,"ocean_menu_typo_font_size_tablet":0,"ocean_menu_typo_font_size_mobile":0,"ocean_menu_typo_font_size_unit":"px","ocean_menu_typo_font_weight":"","ocean_menu_typo_font_weight_tablet":"","ocean_menu_typo_font_weight_mobile":"","ocean_menu_typo_transform":"","ocean_menu_typo_transform_tablet":"","ocean_menu_typo_transform_mobile":"","ocean_menu_typo_line_height":0,"ocean_menu_typo_line_height_tablet":0,"ocean_menu_typo_line_height_mobile":0,"ocean_menu_typo_line_height_unit":"","ocean_menu_typo_spacing":0,"ocean_menu_typo_spacing_tablet":0,"ocean_menu_typo_spacing_mobile":0,"ocean_menu_typo_spacing_unit":"","ocean_menu_link_color":"","ocean_menu_link_color_hover":"","ocean_menu_link_color_active":"","ocean_menu_link_background":"","ocean_menu_link_hover_background":"","ocean_menu_link_active_background":"","ocean_menu_social_links_bg":"","ocean_menu_social_hover_links_bg":"","ocean_menu_social_links_color":"","ocean_menu_social_hover_links_color":"","ocean_disable_title":"default","ocean_disable_heading":"default","ocean_post_title":"","ocean_post_subheading":"","ocean_post_title_style":"","ocean_post_title_background_color":"","ocean_post_title_background":0,"ocean_post_title_bg_image_position":"","ocean_post_title_bg_image_attachment":"","ocean_post_title_bg_image_repeat":"","ocean_post_title_bg_image_size":"","ocean_post_title_height":0,"ocean_post_title_bg_overlay":0.5,"ocean_post_title_bg_overlay_color":"","ocean_disable_breadcrumbs":"default","ocean_breadcrumbs_color":"","ocean_breadcrumbs_separator_color":"","ocean_breadcrumbs_links_color":"","ocean_breadcrumbs_links_hover_color":"","ocean_display_footer_widgets":"default","ocean_display_footer_bottom":"default","ocean_custom_footer_template":"","footnotes":""},"class_list":["post-2992","page","type-page","status-publish","hentry","entry"],"_links":{"self":[{"href":"https:\/\/arhiva.danceweekfestival.com\/stari\/wp-json\/wp\/v2\/pages\/2992","targetHints":{"allow":["GET"]}}],"collection":[{"href":"https:\/\/arhiva.danceweekfestival.com\/stari\/wp-json\/wp\/v2\/pages"}],"about":[{"href":"https:\/\/arhiva.danceweekfestival.com\/stari\/wp-json\/wp\/v2\/types\/page"}],"author":[{"embeddable":true,"href":"https:\/\/arhiva.danceweekfestival.com\/stari\/wp-json\/wp\/v2\/users\/1"}],"replies":[{"embeddable":true,"href":"https:\/\/arhiva.danceweekfestival.com\/stari\/wp-json\/wp\/v2\/comments?post=2992"}],"version-history":[{"count":10,"href":"https:\/\/arhiva.danceweekfestival.com\/stari\/wp-json\/wp\/v2\/pages\/2992\/revisions"}],"predecessor-version":[{"id":3002,"href":"https:\/\/arhiva.danceweekfestival.com\/stari\/wp-json\/wp\/v2\/pages\/2992\/revisions\/3002"}],"wp:attachment":[{"href":"https:\/\/arhiva.danceweekfestival.com\/stari\/wp-json\/wp\/v2\/media?parent=2992"}],"curies":[{"name":"wp","href":"https:\/\/api.w.org\/{rel}","templated":true}]}}